{"id":682,"date":"2023-04-25T13:05:07","date_gmt":"2023-04-25T13:05:07","guid":{"rendered":"https:\/\/www.hatoraholkularitza.eus\/?page_id=682"},"modified":"2023-09-29T10:09:46","modified_gmt":"2023-09-29T10:09:46","slug":"aviso-legal","status":"publish","type":"page","link":"https:\/\/www.hatoraholkularitza.eus\/es\/aviso-legal\/","title":{"rendered":"Aviso Legal"},"content":{"rendered":"<p>[et_pb_section fb_built=\u00bb1&#8243; module_class=\u00bblegal\u00bb _builder_version=\u00bb4.20.4&#8243; _module_preset=\u00bbdefault\u00bb global_colors_info=\u00bb{}\u00bb][et_pb_row _builder_version=\u00bb4.20.4&#8243; _module_preset=\u00bbdefault\u00bb global_colors_info=\u00bb{}\u00bb][et_pb_column type=\u00bb4_4&#8243; _builder_version=\u00bb4.20.4&#8243; _module_preset=\u00bbdefault\u00bb global_colors_info=\u00bb{}\u00bb][et_pb_text _builder_version=\u00bb4.22.1&#8243; _module_preset=\u00bbdefault\u00bb hover_enabled=\u00bb0&#8243; global_colors_info=\u00bb{}\u00bb sticky_enabled=\u00bb0&#8243;]<\/p>\n<h2 class=\"m-auto\">AVISO LEGAL Y CONDICIONES GENERALES DE USO<\/h2>\n<h4><span class=\"blanc-space ng-binding\">https:\/\/www.hatoraholkularitza.eus<\/span><\/h4>\n<h3>I. INFORMACI\u00d3N GENERAL<\/h3>\n<p>En cumplimiento con el deber de informaci\u00f3n dispuesto en la Ley 34\/2002 de Servicios de la Sociedad de la Informaci\u00f3n y el Comercio Electr\u00f3nico (LSSI-CE) de 11 de julio, se facilitan a continuaci\u00f3n los siguientes datos de informaci\u00f3n general de este sitio web:<\/p>\n<p ng-show=\"data.claseTitular == 'empresa'\" class=\"\">La titularidad de este sitio web, <span class=\"blanc-space ng-binding\">https:\/\/www.hatoraholkularitza.eus<\/span>, (en adelante, Sitio Web) la ostenta: <span class=\"blanc-space ng-binding\">Hator, S.Coop<\/span>, provista de NIF: <span class=\"blanc-space ng-binding\">F20094520<\/span> e inscrita en: <span class=\"blanc-space ng-binding\">Registro de Cooperativas de Euskadi<\/span>, y cuyos datos de contacto son: <\/p>\n<p>Direcci\u00f3n: <span class=\"blanc-space ng-binding\">Kardaberaz kalea, 60, 20120 Hernani (Gipuzkoa)<\/span><\/p>\n<p>Tel\u00e9fono de contacto: <span class=\"blanc-space ng-binding\">943 55 43 12<\/span><\/p>\n<p>Fax: <span class=\"blanc-space ng-binding\">943 55 54 62<\/span><\/p>\n<p>Email de contacto: <span class=\"blanc-space ng-binding\">hator@hatoraholkularitza.net<\/span><\/p>\n<h3>II. T\u00c9RMINOS Y CONDICIONES GENERALES DE USO<\/h3>\n<h4>El objeto de las condiciones: El Sitio Web<\/h4>\n<p>El objeto de las presentes Condiciones Generales de Uso (en adelante, Condiciones) es regular el acceso y la utilizaci\u00f3n del Sitio Web. A los efectos de las presentes Condiciones se entender\u00e1 como Sitio Web: la apariencia externa de los interfaces de pantalla, tanto de forma est\u00e1tica como de forma din\u00e1mica, es decir, el \u00e1rbol de navegaci\u00f3n; y todos los elementos integrados tanto en los interfaces de pantalla como en el \u00e1rbol de navegaci\u00f3n (en adelante, Contenidos) y todos aquellos servicios o recursos en l\u00ednea que en su caso ofrezca a los Usuarios (en adelante, Servicios).<\/p>\n<p><span class=\"blanc-space ng-binding\">Hator Aholkularitza<\/span> se reserva la facultad de modificar, en cualquier momento, y sin aviso previo, la presentaci\u00f3n y configuraci\u00f3n del Sitio Web y de los Contenidos y Servicios que en \u00e9l pudieran estar incorporados. El Usuario reconoce y acepta que en cualquier momento <span class=\"blanc-space ng-binding\">Hator Aholkularitza<\/span> pueda interrumpir, desactivar y\/o cancelar cualquiera de estos elementos que se integran en el Sitio Web o el acceso a los mismos.<\/p>\n<p ng-show=\"data.accesoLibre == 'S\u00ed'\">El acceso al Sitio Web por el Usuario tiene car\u00e1cter libre y, por regla general, es gratuito sin que el Usuario tenga que proporcionar una contraprestaci\u00f3n para poder disfrutar de ello, salvo en lo relativo al coste de conexi\u00f3n a trav\u00e9s de la red de telecomunicaciones suministrada por el proveedor de acceso que hubiere contratado el Usuario.<\/p>\n<p ng-show=\"data.registroLibre == 'No'\" class=\"\">La utilizaci\u00f3n de los Contenidos no requiere previa suscripci\u00f3n o registro alguno.<\/p>\n<h4>El Usuario<\/h4>\n<p>El acceso, la navegaci\u00f3n y uso del Sitio Web, confiere la condici\u00f3n de Usuario, por lo que se aceptan, desde que se inicia la navegaci\u00f3n por el Sitio Web, todas las Condiciones aqu\u00ed establecidas, as\u00ed como sus ulteriores modificaciones, sin perjuicio de la aplicaci\u00f3n de la correspondiente normativa legal de obligado cumplimiento seg\u00fan el caso. Dada la relevancia de lo anterior, se recomienda al Usuario leerlas cada vez que visite el Sitio Web.<\/p>\n<p>El Sitio Web de <span class=\"blanc-space ng-binding\">Hator Aholkularitza<\/span> proporciona gran diversidad de informaci\u00f3n, servicios y datos. El Usuario asume su responsabilidad para realizar un uso correcto del Sitio Web. Esta responsabilidad se extender\u00e1 a:<\/p>\n<ul>\n<li>Un uso de la informaci\u00f3n, Contenidos y\/o Servicios y datos ofrecidos por <span class=\"blanc-space ng-binding\">Hator Aholkularitza<\/span> sin que sea contrario a lo dispuesto por las presentes Condiciones, la Ley, la moral o el orden p\u00fablico, o que de cualquier otro modo puedan suponer lesi\u00f3n de los derechos de terceros o del mismo funcionamiento del Sitio Web.<\/li>\n<li>La veracidad y licitud de las informaciones aportadas por el Usuario en los formularios extendidos por <span class=\"blanc-space ng-binding\">Hator Aholkularitza<\/span> para el acceso a ciertos Contenidos o Servicios ofrecidos por el Sitio Web. En todo caso, el Usuario notificar\u00e1 de forma inmediata a <span class=\"blanc-space ng-binding\">Hator Aholkularitza<\/span> acerca de cualquier hecho que permita el uso indebido de la informaci\u00f3n registrada en dichos formularios, tales como, pero no solo, el robo, extrav\u00edo, o el acceso no autorizado a identificadores y\/o contrase\u00f1as, con el fin de proceder a su inmediata cancelaci\u00f3n.<\/li>\n<\/ul>\n<p>El mero acceso a este Sitio Web no supone entablar ning\u00fan tipo de relaci\u00f3n de car\u00e1cter comercial entre <span class=\"blanc-space ng-binding\">Hator Aholkularitza<\/span> y el Usuario.<\/p>\n<p ng-show=\"data.mayorEdad == 'No'\" class=\"\">Siempre en el respeto de la legislaci\u00f3n vigente, este Sitio Web de <span class=\"blanc-space ng-binding\">Hator Aholkularitza<\/span> se dirige a todas las personas, sin importar su edad, que puedan acceder y\/o navegar por las p\u00e1ginas del Sitio Web.<\/p>\n<p ng-show=\"data.paisParticular == 'S\u00ed'\">El Sitio Web est\u00e1 dirigido principalmente a Usuarios residentes en <span class=\"blanc-space ng-binding\">Espa\u00f1a<\/span>. <span class=\"blanc-space ng-binding\">Hator Aholkularitza<\/span> no asegura que el Sitio Web cumpla con legislaciones de otros pa\u00edses, ya sea total o parcialmente. Si el Usuario reside o tiene su domiciliado en otro lugar y decide acceder y\/o navegar en el Sitio Web lo har\u00e1 bajo su propia responsabilidad, deber\u00e1 asegurarse de que tal acceso y navegaci\u00f3n cumple con la legislaci\u00f3n local que le es aplicable, no asumiendo <span class=\"blanc-space ng-binding\">Hator Aholkularitza<\/span> responsabilidad alguna que se pueda derivar de dicho acceso.<\/p>\n<h3>III. ACCESO Y NAVEGACI\u00d3N EN EL SITIO WEB: EXCLUSI\u00d3N DE GARANT\u00cdAS Y RESPONSABILIDAD<\/h3>\n<p><span class=\"blanc-space ng-binding\">Hator Aholkularitza<\/span> no garantiza la continuidad, disponibilidad y utilidad del Sitio Web, ni de los Contenidos o Servicios. <span class=\"blanc-space ng-binding\">Hator Aholkularitza<\/span> har\u00e1 todo lo posible por el buen funcionamiento del Sitio Web, sin embargo, no se responsabiliza ni garantiza que el acceso a este Sitio Web no vaya a ser ininterrumpido o que est\u00e9 libre de error.<\/p>\n<p>Tampoco se responsabiliza o garantiza que el contenido o software al que pueda accederse a trav\u00e9s de este Sitio Web, est\u00e9 libre de error o cause un da\u00f1o al sistema inform\u00e1tico (software y hardware) del Usuario. En ning\u00fan caso <span class=\"blanc-space ng-binding\">Hator Aholkularitza<\/span> ser\u00e1 responsable por las p\u00e9rdidas, da\u00f1os o perjuicios de cualquier tipo que surjan por el acceso, navegaci\u00f3n y el uso del Sitio Web, incluy\u00e9ndose, pero no limit\u00e1ndose, a los ocasionados a los sistemas inform\u00e1ticos o los provocados por la introducci\u00f3n de virus.<\/p>\n<p><span class=\"blanc-space ng-binding\">Hator Aholkularitza<\/span> tampoco se hace responsable de los da\u00f1os que pudiesen ocasionarse a los usuarios por un uso inadecuado de este Sitio Web. En particular, no se hace responsable en modo alguno de las ca\u00eddas, interrupciones, falta o defecto de las telecomunicaciones que pudieran ocurrir.<\/p>\n<h3>IV. POL\u00cdTICA DE ENLACES<\/h3>\n<p ng-show=\"data.enlacesTerceros == 'S\u00ed'\">Se informa que el Sitio Web de <span class=\"blanc-space ng-binding\">Hator Aholkularitza<\/span> pone o puede poner a disposici\u00f3n de los Usuarios medios de enlace (como, entre otros, links, banners, botones), directorios y motores de b\u00fasqueda que permiten a los Usuarios acceder a sitios web pertenecientes y\/o gestionados por terceros.<\/p>\n<p ng-show=\"data.enlacesTerceros == 'S\u00ed'\">La instalaci\u00f3n de estos enlaces, directorios y motores de b\u00fasqueda en el Sitio Web tiene por objeto facilitar a los Usuarios la b\u00fasqueda de y acceso a la informaci\u00f3n disponible en Internet, sin que pueda considerarse una sugerencia, recomendaci\u00f3n o invitaci\u00f3n para la visita de los mismos.<\/p>\n<p ng-show=\"data.enlacesTerceros == 'S\u00ed' &amp;&amp; data.enlacesAfiliacion == 'No'\"><span class=\"blanc-space ng-binding\">Hator Aholkularitza<\/span> no ofrece ni comercializa por s\u00ed ni por medio de terceros los productos y\/o servicios disponibles en dichos sitios enlazados.<\/p>\n<p ng-show=\"data.enlacesTerceros == 'S\u00ed'\">Asimismo, tampoco garantizar\u00e1 la disponibilidad t\u00e9cnica, exactitud, veracidad, validez o legalidad de sitios ajenos a su propiedad a los que se pueda acceder por medio de los enlaces.<\/p>\n<p ng-show=\"data.enlacesTerceros == 'S\u00ed'\"><span class=\"blanc-space ng-binding\">Hator Aholkularitza<\/span> en ning\u00fan caso revisar\u00e1 o controlar\u00e1 el contenido de otros sitios web, as\u00ed como tampoco aprueba, examina ni hace propios los productos y servicios, contenidos, archivos y cualquier otro material existente en los referidos sitios enlazados.<\/p>\n<p ng-show=\"data.enlacesTerceros == 'S\u00ed'\"><span class=\"blanc-space ng-binding\">Hator Aholkularitza<\/span> no asume ninguna responsabilidad por los da\u00f1os y perjuicios que pudieran producirse por el acceso, uso, calidad o licitud de los contenidos, comunicaciones, opiniones, productos y servicios de los sitios web no gestionados por <span class=\"blanc-space ng-binding\">Hator Aholkularitza<\/span> y que sean enlazados en este Sitio Web.<\/p>\n<p>El Usuario o tercero que realice un hiperv\u00ednculo desde una p\u00e1gina web de otro, distinto, sitio web al Sitio Web de <span class=\"blanc-space ng-binding\">Hator Aholkularitza<\/span> deber\u00e1 saber que:<\/p>\n<p>No se permite la reproducci\u00f3n \u2014total o parcialmente\u2014 de ninguno de los Contenidos y\/o Servicios del Sitio Web sin autorizaci\u00f3n expresa de <span class=\"blanc-space ng-binding\">Hator Aholkularitza<\/span>.<\/p>\n<p>No se permite tampoco ninguna manifestaci\u00f3n falsa, inexacta o incorrecta sobre el Sitio Web de <span class=\"blanc-space ng-binding\">Hator Aholkularitza<\/span>, ni sobre los Contenidos y\/o Servicios del mismo.<\/p>\n<p>A excepci\u00f3n del hiperv\u00ednculo, el sitio web en el que se establezca dicho hiperenlace no contendr\u00e1 ning\u00fan elemento, de este Sitio Web, protegido como propiedad intelectual por el ordenamiento jur\u00eddico espa\u00f1ol, salvo autorizaci\u00f3n expresa de <span class=\"blanc-space ng-binding\">Hator Aholkularitza<\/span>.<\/p>\n<p>El establecimiento del hiperv\u00ednculo no implicar\u00e1 la existencia de relaciones entre <span class=\"blanc-space ng-binding\">Hator Aholkularitza<\/span> y el titular del sitio web desde el cual se realice, ni el conocimiento y aceptaci\u00f3n de <span class=\"blanc-space ng-binding\">Hator Aholkularitza<\/span> de los contenidos, servicios y\/o actividades ofrecidas en dicho sitio web, y viceversa.<\/p>\n<h3>V. PROPIEDAD INTELECTUAL E INDUSTRIAL<\/h3>\n<p><span class=\"blanc-space ng-binding\">Hator Aholkularitza<\/span> por s\u00ed o como parte cesionaria, es titular de todos los derechos de propiedad intelectual e industrial del Sitio Web, as\u00ed como de los elementos contenidos en el mismo (a t\u00edtulo enunciativo y no exhaustivo, im\u00e1genes, sonido, audio, v\u00eddeo, software o textos, marcas o logotipos, combinaciones de colores, estructura y dise\u00f1o, selecci\u00f3n de materiales usados, programas de ordenador necesarios para su funcionamiento, acceso y uso, etc.). Ser\u00e1n, por consiguiente, obras protegidas como propiedad intelectual por el ordenamiento jur\u00eddico espa\u00f1ol, si\u00e9ndoles aplicables tanto la normativa espa\u00f1ola y comunitaria en este campo, como los tratados internacionales relativos a la materia y suscritos por Espa\u00f1a.<\/p>\n<p>Todos los derechos reservados. En virtud de lo dispuesto en la Ley de Propiedad Intelectual, quedan expresamente prohibidas la reproducci\u00f3n, la distribuci\u00f3n y la comunicaci\u00f3n p\u00fablica, incluida su modalidad de puesta a disposici\u00f3n, de la totalidad o parte de los contenidos de esta p\u00e1gina web, con fines comerciales, en cualquier soporte y por cualquier medio t\u00e9cnico, sin la autorizaci\u00f3n de <span class=\"blanc-space ng-binding\">Hator Aholkularitza<\/span>.<\/p>\n<p>El Usuario se compromete a respetar los derechos de propiedad intelectual e industrial de <span class=\"blanc-space ng-binding\">Hator Aholkularitza<\/span>. Podr\u00e1 visualizar los elementos del Sitio Web o incluso imprimirlos, copiarlos y almacenarlos en el disco duro de su ordenador o en cualquier otro soporte f\u00edsico siempre y cuando sea, exclusivamente, para su uso personal. El Usuario, sin embargo, no podr\u00e1 suprimir, alterar, o manipular cualquier dispositivo de protecci\u00f3n o sistema de seguridad que estuviera instalado en el Sitio Web.<\/p>\n<p>En caso de que el Usuario o tercero considere que cualquiera de los Contenidos del Sitio Web suponga una violaci\u00f3n de los derechos de protecci\u00f3n de la propiedad intelectual, deber\u00e1 comunicarlo inmediatamente a <span class=\"blanc-space ng-binding\">Hator Aholkularitza<\/span> a trav\u00e9s de los datos de contacto del apartado de INFORMACI\u00d3N GENERAL de este Aviso Legal y Condiciones Generales de Uso.<\/p>\n<h3>VI. ACCIONES LEGALES, LEGISLACI\u00d3N APLICABLE Y JURISDICCI\u00d3N<\/h3>\n<p><span class=\"blanc-space ng-binding\">Hator Aholkularitza<\/span> se reserva la facultad de presentar las acciones civiles o penales que considere necesarias por la utilizaci\u00f3n indebida del Sitio Web y Contenidos, o por el incumplimiento de las presentes Condiciones.<\/p>\n<p>La relaci\u00f3n entre el Usuario y <span class=\"blanc-space ng-binding\">Hator Aholkularitza<\/span> se regir\u00e1 por la normativa vigente y de aplicaci\u00f3n en el territorio espa\u00f1ol. De surgir cualquier controversia en relaci\u00f3n con la interpretaci\u00f3n y\/o a la aplicaci\u00f3n de estas Condiciones las partes someter\u00e1n sus conflictos a la jurisdicci\u00f3n ordinaria someti\u00e9ndose a los jueces y tribunales que correspondan conforme a derecho.<\/p>\n<p>[\/et_pb_text][\/et_pb_column][\/et_pb_row][\/et_pb_section]<\/p>\n","protected":false},"excerpt":{"rendered":"<p>AVISO LEGAL Y CONDICIONES GENERALES DE USO https:\/\/www.hatoraholkularitza.eus I. INFORMACI\u00d3N GENERAL En cumplimiento con el deber de informaci\u00f3n dispuesto en la Ley 34\/2002 de Servicios de la Sociedad de la Informaci\u00f3n y el Comercio Electr\u00f3nico (LSSI-CE) de 11 de julio, se facilitan a continuaci\u00f3n los siguientes datos de informaci\u00f3n general de este sitio web: La [&hellip;]<\/p>\n","protected":false},"author":1,"featured_media":0,"parent":0,"menu_order":7,"comment_status":"closed","ping_status":"closed","template":"","meta":{"_et_pb_use_builder":"on","_et_pb_old_content":"","_et_gb_content_width":"","_mi_skip_tracking":false,"_monsterinsights_sitenote_active":false,"_monsterinsights_sitenote_note":"","_monsterinsights_sitenote_category":0,"footnotes":""},"yoast_head":"<!-- This site is optimized with the Yoast SEO plugin v21.2 - https:\/\/yoast.com\/wordpress\/plugins\/seo\/ -->\n<title>Aviso Legal - Asesoramiento Hator<\/title>\n<meta name=\"robots\" content=\"index, follow, max-snippet:-1, max-image-preview:large, max-video-preview:-1\" \/>\n<link rel=\"canonical\" href=\"https:\/\/www.hatoraholkularitza.eus\/es\/aviso-legal\/\" \/>\n<meta property=\"og:locale\" content=\"es_ES\" \/>\n<meta property=\"og:type\" content=\"article\" \/>\n<meta property=\"og:title\" content=\"Aviso Legal - Asesoramiento Hator\" \/>\n<meta property=\"og:description\" content=\"AVISO LEGAL Y CONDICIONES GENERALES DE USO https:\/\/www.hatoraholkularitza.eus I. INFORMACI\u00d3N GENERAL En cumplimiento con el deber de informaci\u00f3n dispuesto en la Ley 34\/2002 de Servicios de la Sociedad de la Informaci\u00f3n y el Comercio Electr\u00f3nico (LSSI-CE) de 11 de julio, se facilitan a continuaci\u00f3n los siguientes datos de informaci\u00f3n general de este sitio web: La [&hellip;]\" \/>\n<meta property=\"og:url\" content=\"https:\/\/www.hatoraholkularitza.eus\/es\/aviso-legal\/\" \/>\n<meta property=\"og:site_name\" content=\"Asesoramiento Hator\" \/>\n<meta property=\"article:modified_time\" content=\"2023-09-29T10:09:46+00:00\" \/>\n<meta name=\"twitter:card\" content=\"summary_large_image\" \/>\n<meta name=\"twitter:label1\" content=\"Tiempo de lectura\" \/>\n\t<meta name=\"twitter:data1\" content=\"10 minutos\" \/>\n<script type=\"application\/ld+json\" class=\"yoast-schema-graph\">{\"@context\":\"https:\/\/schema.org\",\"@graph\":[{\"@type\":\"WebPage\",\"@id\":\"https:\/\/www.hatoraholkularitza.eus\/es\/aviso-legal\/\",\"url\":\"https:\/\/www.hatoraholkularitza.eus\/es\/aviso-legal\/\",\"name\":\"Aviso Legal - Asesoramiento Hator\",\"isPartOf\":{\"@id\":\"https:\/\/www.hatoraholkularitza.eus\/es\/#website\"},\"datePublished\":\"2023-04-25T13:05:07+00:00\",\"dateModified\":\"2023-09-29T10:09:46+00:00\",\"breadcrumb\":{\"@id\":\"https:\/\/www.hatoraholkularitza.eus\/es\/aviso-legal\/#breadcrumb\"},\"inLanguage\":\"es\",\"potentialAction\":[{\"@type\":\"ReadAction\",\"target\":[\"https:\/\/www.hatoraholkularitza.eus\/es\/aviso-legal\/\"]}]},{\"@type\":\"BreadcrumbList\",\"@id\":\"https:\/\/www.hatoraholkularitza.eus\/es\/aviso-legal\/#breadcrumb\",\"itemListElement\":[{\"@type\":\"ListItem\",\"position\":1,\"name\":\"Portada\",\"item\":\"https:\/\/www.hatoraholkularitza.eus\/es\/\"},{\"@type\":\"ListItem\",\"position\":2,\"name\":\"Aviso Legal\"}]},{\"@type\":\"WebSite\",\"@id\":\"https:\/\/www.hatoraholkularitza.eus\/es\/#website\",\"url\":\"https:\/\/www.hatoraholkularitza.eus\/es\/\",\"name\":\"Asesoramiento Hator\",\"description\":\"Asesoramiento y an\u00e1lisis contable\",\"publisher\":{\"@id\":\"https:\/\/www.hatoraholkularitza.eus\/es\/#organization\"},\"potentialAction\":[{\"@type\":\"SearchAction\",\"target\":{\"@type\":\"EntryPoint\",\"urlTemplate\":\"https:\/\/www.hatoraholkularitza.eus\/es\/?s={search_term_string}\"},\"query-input\":\"required name=search_term_string\"}],\"inLanguage\":\"es\"},{\"@type\":\"Organization\",\"@id\":\"https:\/\/www.hatoraholkularitza.eus\/es\/#organization\",\"name\":\"Asesoramiento Hator\",\"url\":\"https:\/\/www.hatoraholkularitza.eus\/es\/\",\"logo\":{\"@type\":\"ImageObject\",\"inLanguage\":\"es\",\"@id\":\"https:\/\/www.hatoraholkularitza.eus\/es\/#\/schema\/logo\/image\/\",\"url\":\"https:\/\/www.hatoraholkularitza.eus\/wp-content\/uploads\/2023\/05\/logo-hatoraholkularitza-transparent.png\",\"contentUrl\":\"https:\/\/www.hatoraholkularitza.eus\/wp-content\/uploads\/2023\/05\/logo-hatoraholkularitza-transparent.png\",\"width\":137,\"height\":176,\"caption\":\"Asesoramiento Hator\"},\"image\":{\"@id\":\"https:\/\/www.hatoraholkularitza.eus\/es\/#\/schema\/logo\/image\/\"}}]}<\/script>\n<!-- \/ Yoast SEO plugin. -->","yoast_head_json":{"title":"Aviso Legal - Asesoramiento Hator","robots":{"index":"index","follow":"follow","max-snippet":"max-snippet:-1","max-image-preview":"max-image-preview:large","max-video-preview":"max-video-preview:-1"},"canonical":"https:\/\/www.hatoraholkularitza.eus\/es\/aviso-legal\/","og_locale":"es_ES","og_type":"article","og_title":"Aviso Legal - Asesoramiento Hator","og_description":"AVISO LEGAL Y CONDICIONES GENERALES DE USO https:\/\/www.hatoraholkularitza.eus I. INFORMACI\u00d3N GENERAL En cumplimiento con el deber de informaci\u00f3n dispuesto en la Ley 34\/2002 de Servicios de la Sociedad de la Informaci\u00f3n y el Comercio Electr\u00f3nico (LSSI-CE) de 11 de julio, se facilitan a continuaci\u00f3n los siguientes datos de informaci\u00f3n general de este sitio web: La [&hellip;]","og_url":"https:\/\/www.hatoraholkularitza.eus\/es\/aviso-legal\/","og_site_name":"Asesoramiento Hator","article_modified_time":"2023-09-29T10:09:46+00:00","twitter_card":"summary_large_image","twitter_misc":{"Tiempo de lectura":"10 minutos"},"schema":{"@context":"https:\/\/schema.org","@graph":[{"@type":"WebPage","@id":"https:\/\/www.hatoraholkularitza.eus\/es\/aviso-legal\/","url":"https:\/\/www.hatoraholkularitza.eus\/es\/aviso-legal\/","name":"Aviso Legal - Asesoramiento Hator","isPartOf":{"@id":"https:\/\/www.hatoraholkularitza.eus\/es\/#website"},"datePublished":"2023-04-25T13:05:07+00:00","dateModified":"2023-09-29T10:09:46+00:00","breadcrumb":{"@id":"https:\/\/www.hatoraholkularitza.eus\/es\/aviso-legal\/#breadcrumb"},"inLanguage":"es","potentialAction":[{"@type":"ReadAction","target":["https:\/\/www.hatoraholkularitza.eus\/es\/aviso-legal\/"]}]},{"@type":"BreadcrumbList","@id":"https:\/\/www.hatoraholkularitza.eus\/es\/aviso-legal\/#breadcrumb","itemListElement":[{"@type":"ListItem","position":1,"name":"Portada","item":"https:\/\/www.hatoraholkularitza.eus\/es\/"},{"@type":"ListItem","position":2,"name":"Aviso Legal"}]},{"@type":"WebSite","@id":"https:\/\/www.hatoraholkularitza.eus\/es\/#website","url":"https:\/\/www.hatoraholkularitza.eus\/es\/","name":"Asesoramiento Hator","description":"Asesoramiento y an\u00e1lisis contable","publisher":{"@id":"https:\/\/www.hatoraholkularitza.eus\/es\/#organization"},"potentialAction":[{"@type":"SearchAction","target":{"@type":"EntryPoint","urlTemplate":"https:\/\/www.hatoraholkularitza.eus\/es\/?s={search_term_string}"},"query-input":"required name=search_term_string"}],"inLanguage":"es"},{"@type":"Organization","@id":"https:\/\/www.hatoraholkularitza.eus\/es\/#organization","name":"Asesoramiento Hator","url":"https:\/\/www.hatoraholkularitza.eus\/es\/","logo":{"@type":"ImageObject","inLanguage":"es","@id":"https:\/\/www.hatoraholkularitza.eus\/es\/#\/schema\/logo\/image\/","url":"https:\/\/www.hatoraholkularitza.eus\/wp-content\/uploads\/2023\/05\/logo-hatoraholkularitza-transparent.png","contentUrl":"https:\/\/www.hatoraholkularitza.eus\/wp-content\/uploads\/2023\/05\/logo-hatoraholkularitza-transparent.png","width":137,"height":176,"caption":"Asesoramiento Hator"},"image":{"@id":"https:\/\/www.hatoraholkularitza.eus\/es\/#\/schema\/logo\/image\/"}}]}},"_links":{"self":[{"href":"https:\/\/www.hatoraholkularitza.eus\/es\/wp-json\/wp\/v2\/pages\/682"}],"collection":[{"href":"https:\/\/www.hatoraholkularitza.eus\/es\/wp-json\/wp\/v2\/pages"}],"about":[{"href":"https:\/\/www.hatoraholkularitza.eus\/es\/wp-json\/wp\/v2\/types\/page"}],"author":[{"embeddable":true,"href":"https:\/\/www.hatoraholkularitza.eus\/es\/wp-json\/wp\/v2\/users\/1"}],"replies":[{"embeddable":true,"href":"https:\/\/www.hatoraholkularitza.eus\/es\/wp-json\/wp\/v2\/comments?post=682"}],"version-history":[{"count":6,"href":"https:\/\/www.hatoraholkularitza.eus\/es\/wp-json\/wp\/v2\/pages\/682\/revisions"}],"predecessor-version":[{"id":1515,"href":"https:\/\/www.hatoraholkularitza.eus\/es\/wp-json\/wp\/v2\/pages\/682\/revisions\/1515"}],"wp:attachment":[{"href":"https:\/\/www.hatoraholkularitza.eus\/es\/wp-json\/wp\/v2\/media?parent=682"}],"curies":[{"name":"wp","href":"https:\/\/api.w.org\/{rel}","templated":true}]}}